{"id":33,"date":"2016-04-18T17:01:19","date_gmt":"2016-04-18T17:01:19","guid":{"rendered":"http:\/\/myftinia-shkoder.org\/?page_id=33"},"modified":"2024-03-19T14:37:43","modified_gmt":"2024-03-19T14:37:43","slug":"myftiu-i-shkodres","status":"publish","type":"page","link":"https:\/\/myftinia-shkoder.org\/?page_id=33","title":{"rendered":"Myftiu i Shkodr\u00ebs"},"content":{"rendered":"<h3 style=\"text-align: justify;\"><\/h3>\n<div class=\"style37\">\n<p style=\"text-align: justify;\"><img loading=\"lazy\" decoding=\"async\" class=\" size-medium wp-image-271 alignleft\" src=\"https:\/\/myftinia-shkoder.org\/wp-content\/uploads\/2016\/04\/Myftiu-i-Shkodres-Imam-Muhamed-Sytari-300x225.jpg\" alt=\"Myftiu i Shkodr\u00ebs, Imam Muhamed Sytari\" width=\"300\" height=\"225\" srcset=\"https:\/\/myftinia-shkoder.org\/wp-content\/uploads\/2016\/04\/Myftiu-i-Shkodres-Imam-Muhamed-Sytari-300x225.jpg 300w, https:\/\/myftinia-shkoder.org\/wp-content\/uploads\/2016\/04\/Myftiu-i-Shkodres-Imam-Muhamed-Sytari-678x509.jpg 678w, https:\/\/myftinia-shkoder.org\/wp-content\/uploads\/2016\/04\/Myftiu-i-Shkodres-Imam-Muhamed-Sytari-326x245.jpg 326w, https:\/\/myftinia-shkoder.org\/wp-content\/uploads\/2016\/04\/Myftiu-i-Shkodres-Imam-Muhamed-Sytari-80x60.jpg 80w, https:\/\/myftinia-shkoder.org\/wp-content\/uploads\/2016\/04\/Myftiu-i-Shkodres-Imam-Muhamed-Sytari.jpg 960w\" sizes=\"auto, (max-width: 300px) 100vw, 300px\" \/><\/p>\n<p style=\"text-align: justify;\">Muhamed Bardhyl Sytari, u lind n\u00eb Shkod\u00ebr, m\u00eb 21 maj 1978. N\u00eb vitin 1993 udh\u00ebton drejt Damaskut t\u00eb Siris\u00eb, ku kryen shkoll\u00ebn e mesme\u00a0dhe\u00a0t\u00eb lart\u00eb, duke u diplomuar nga Fakulteti i Thirrjes Islame n\u00eb vitin 2001.<\/p>\n<p style=\"text-align: justify;\">Pas mbarimit t\u00eb studimeve, em\u00ebrohet m\u00ebsues i besimit dhe i gjuh\u00ebs arabe n\u00eb Medresen\u00eb\u00a0<em>\u201cHaxhi Sheh Shamia\u201d<\/em>, sikurse sh\u00ebrben edhe si vaiz\/hatib n\u00eb xhamin\u00eb e Tophan\u00ebs.<\/p>\n<p style=\"text-align: justify;\">Ka nj\u00eb aktivitet t\u00eb gjer\u00eb botues e shkencor n\u00eb revista e gazeta, pjes\u00ebmarrje aktive n\u00eb konferenca, simpoziume dhe aktivitete t\u00eb tjera fetare e shkencore, brenda vendit dhe jasht\u00eb tij, si n\u00eb: Siri, ShBA, Zvic\u00ebr, Itali, Kosov\u00eb, Turqi, Arabia Saudite, Maqedoni, Gjermani, Angli, EBA, Austri, Norvegji, etj.<\/p>\n<p style=\"text-align: justify;\">N\u00eb Ramazanin e vitit 2017, ishte pjes\u00eb e programit \u201cT\u00eb ftuarit e Presidentit\u201d t\u00eb Emirateve t\u00eb Bashkuara Arabe, s\u00eb bashku me nj\u00eb grup thirr\u00ebsish islam\u00eb nga lindja dhe per\u00ebndimi. P\u00ebr 20 dit\u00eb dha ligj\u00ebrata dhe konferenca n\u00eb shum\u00eb xhami dhe qendra sociale shtet\u00ebrore n\u00eb Abu Dhabi, Dubaj, Axhman, Ras Khajme, Fuxhejra etj.<\/p>\n<p style=\"text-align: justify;\">\u00cbsht\u00eb autor i disa botimeve, si:<\/p>\n<p style=\"text-align: justify;\"><strong><em>\u201cOpinione bashk\u00ebkohore islame\u201d<\/em><\/strong>\u00a0(2002),<\/p>\n<p style=\"text-align: justify;\"><strong><em>\u201cP\u00ebrpjekje t\u00eb d\u00ebshtuara\u201d<\/em><\/strong>\u00a0(2003),<\/p>\n<p style=\"text-align: justify;\"><strong><em>[Hap pas hapi me \u201cUdh\u00ebn Islame\u201d]<\/em><\/strong><em>\u00a0<\/em>(2004),<\/p>\n<p style=\"text-align: justify;\"><strong><em>\u201cP\u00ebrhapni p\u00ebr mua, qoft\u00eb dhe nj\u00eb fjal\u00eb\u2026\u201d<\/em><\/strong>\u00a0(2006),<\/p>\n<p style=\"text-align: justify;\"><strong><em>\u201cKujtime dhe refleksione t\u00eb nj\u00eb Ramazani\u201d\u00a0<\/em><\/strong>(2007),<\/p>\n<p style=\"text-align: justify;\"><strong><em>\u201cVe alejkes-selam\u2026\u201d<\/em><\/strong>\u00a0(2008),<\/p>\n<p style=\"text-align: justify;\"><strong><em>\u201cRrug\u00ebtime t\u00eb nj\u00eb hatibi\u201d<\/em><\/strong>\u00a0(2009),<\/p>\n<p style=\"text-align: justify;\"><strong>\u201c<em>Dhe kthehet kjo h\u00ebna e re e Ramazanit\u2026\u201d\u00a0<\/em><\/strong>(2009),<strong><em>\u00a0<\/em><\/strong><\/p>\n<p style=\"text-align: justify;\"><strong><em>\u201cN\u00fan \u2013 Pasha Lapsin\u2026\u201d<\/em><\/strong>\u00a0(2013),<\/p>\n<p style=\"text-align: justify;\"><strong><em>\u201cD\u00ebshmitar n\u00eb sahar\u2026\u201d\u00a0<\/em><\/strong>(2013),<\/p>\n<p style=\"text-align: justify;\"><strong>\u201c<\/strong><strong><em>111 hadithe t\u00eb p\u00ebrzgjedhura\u201d<\/em><\/strong><strong>\u00a0<\/strong>(2014),<strong>\u00a0<\/strong><\/p>\n<p style=\"text-align: justify;\"><strong><em>\u201cZidn\u00ed\u2026\u201d\u00a0<\/em><\/strong>(2015),<\/p>\n<p style=\"text-align: justify;\"><strong>\u201c<em>Minber\u2026<\/em>\u201d\u00a0<\/strong>(2016),<\/p>\n<p style=\"text-align: justify;\"><strong><em>\u201c300 Hadithe\u201d<\/em><\/strong> (2018),<\/p>\n<p style=\"text-align: justify;\"><strong><em>\u201cLebbejke&#8230;\u201d<\/em><\/strong> (2018)<\/p>\n<p style=\"text-align: justify;\">etj.<\/p>\n<p style=\"text-align: justify;\">Ka botuar monografit\u00eb:<\/p>\n<p style=\"text-align: justify;\"><strong><em>\u201cVehbi Sulejman Gavo\u00e7i- Dijetar nga dijetar\u00ebt e ymmetit\u201d\u00a0<\/em><\/strong>(2005),<\/p>\n<p style=\"text-align: justify;\"><strong><em>\u201cHafiz Qamil Tresi- N\u00eb gjurm\u00ebt e nj\u00eb biblioteke, q\u00eb sfidon heshtjen e koh\u00ebs\u2026\u201d<\/em><\/strong>\u00a0(2006),<\/p>\n<p style=\"text-align: justify;\"><strong><em>\u201cHafiz Musa Hoxha- Vaizi besnik i qitabeve t\u00eb vjetra\u201d<\/em><\/strong>\u00a0(2009),<\/p>\n<p style=\"text-align: justify;\"><strong><em>\u201cFaik Hoxha para pasqyr\u00ebs s\u00eb nj\u00eb jete\u2026\u201d<\/em><\/strong>\u00a0(2011),<\/p>\n<p style=\"text-align: justify;\">si dhe \u00ebsht\u00eb autori i bibliografis\u00eb:\u00a0<strong><em>\u201cBibliografi \u201cUdha Islame\u201d 50 numrat e par\u00eb\u201d<\/em><\/strong>\u00a0(2007).<\/p>\n<p style=\"text-align: justify;\">\u00cbsht\u00eb redaktor i librave:<\/p>\n<p style=\"text-align: justify;\"><strong><em>\u201cNjohuri rreth Kur\u2019anit- Syneti e bidati\u201d<\/em><\/strong>, t\u00eb dijetarit t\u00eb njohur islam Vehbi Sulejman Gavo\u00e7i, botuar n\u00eb Shkod\u00ebr (1999),<\/p>\n<p style=\"text-align: justify;\"><strong><em>\u201cThemelet e nj\u00eb medreseje\u201d<\/em><\/strong>, t\u00eb autor\u00ebve Eljaz Kraja dhe Ahmet O. Osja, botuar n\u00eb Shkod\u00ebr (2008)<\/p>\n<p style=\"text-align: justify;\">dhe i p\u00ebrkthimeve t\u00eb teologut Lavdrim Hamja:<\/p>\n<p style=\"text-align: justify;\"><strong><em>\u201cP\u00ebrse e gjith\u00eb kjo frik\u00eb nga Islami?\u201d<\/em><\/strong>\u00a0 (2013),<\/p>\n<p style=\"text-align: justify;\"><strong><em>\u201cE v\u00ebrteta e hidhur\u201d<\/em><\/strong>\u00a0(2014),<\/p>\n<p style=\"text-align: justify;\"><strong><em>\u201cPrej edukat\u00ebs islame\u201d<\/em><\/strong>\u00a0(2014),<\/p>\n<p style=\"text-align: justify;\"><strong><em>\u201c40 hadithe rreth mir\u00ebsis\u00eb s\u00eb dituris\u00eb\u201d<\/em><\/strong>\u00a0(2015),<\/p>\n<p style=\"text-align: justify;\"><strong><em>\u201c40 hadithe p\u00ebr agj\u00ebrimin dhe Ramazanin\u201d<\/em><\/strong>\u00a0(2015),<\/p>\n<p style=\"text-align: justify;\"><strong><em>\u201c40 hadithe rreth mir\u00ebsis\u00eb s\u00eb Kur\u2019anit\u201d<\/em><\/strong>\u00a0(2016).<\/p>\n<p style=\"text-align: justify;\"><strong><em>\u201c40 hadithe me nga dy porosi\u201d (2017)<\/em><\/strong><\/p>\n<p style=\"text-align: justify;\">Ka nj\u00eb aktivitet t\u00eb gjer\u00eb si p\u00ebrkthyes nga gjuha arabe, ku ka botuar shum\u00eb materiale, studime dhe punime t\u00eb autor\u00ebve t\u00eb ndrysh\u00ebm. Ka p\u00ebrkthyer nga arabishtja librin e autores Emili Bramlet:\u00a0<strong><em>\u201cBesova Zotin tuaj\u201d<\/em><\/strong>\u00a0(1998).<\/p>\n<p style=\"text-align: justify;\">\u00cbsht\u00eb antar i k\u00ebshillit botues t\u00eb vepr\u00ebs enciklopedike:\u00a0<strong><em>\u201c100 personalitete shqiptare t\u00eb kultur\u00ebs islame\u201d\u00a0<\/em><\/strong>(2012), botim i Komunitetit Mysliman t\u00eb Shqip\u00ebris\u00eb me rastin e 100 vjetorit t\u00eb Shqip\u00ebris\u00eb.<\/p>\n<p style=\"text-align: justify;\">U em\u00ebrua Myfti i Shkodr\u00ebs, m\u00eb 22 prill 2010.<\/p>\n<p style=\"text-align: justify;\">U vler\u00ebsua nga K\u00ebshilli i Qarkut Shkod\u00ebr me titullin: \u201cNderi i Qarkut Shkod\u00ebr\u201d, m\u00eb 21 maj 2018.<\/p>\n<p style=\"text-align: justify;\"><br class=\"style87\" \/><span class=\"style87\">Administron websitin e tij personal: <\/span><strong><a href=\"http:\/\/www.muhamedsytari.com\/\">www.muhamedsytari.com<\/a><span class=\"style87\">\u00a0 <\/span><\/strong><span class=\"style87\">dhe (<strong>.net)<\/strong><\/span><\/p>\n<\/div>\n","protected":false},"excerpt":{"rendered":"<div class=\"mh-excerpt\"><p>Muhamed Bardhyl Sytari, u lind n\u00eb Shkod\u00ebr, m\u00eb 21 maj 1978. N\u00eb vitin 1993 udh\u00ebton drejt Damaskut t\u00eb Siris\u00eb, ku kryen shkoll\u00ebn e mesme\u00a0dhe\u00a0t\u00eb lart\u00eb, duke u diplomuar nga Fakulteti i Thirrjes Islame n\u00eb vitin <a class=\"mh-excerpt-more\" href=\"https:\/\/myftinia-shkoder.org\/?page_id=33\" title=\"Myftiu i Shkodr\u00ebs\">[&#8230;]<\/a><\/p>\n<\/div>","protected":false},"author":1,"featured_media":271,"parent":0,"menu_order":0,"comment_status":"closed","ping_status":"closed","template":"","meta":{"footnotes":""},"class_list":["post-33","page","type-page","status-publish","has-post-thumbnail","hentry"],"_links":{"self":[{"href":"https:\/\/myftinia-shkoder.org\/index.php?rest_route=\/wp\/v2\/pages\/33","targetHints":{"allow":["GET"]}}],"collection":[{"href":"https:\/\/myftinia-shkoder.org\/index.php?rest_route=\/wp\/v2\/pages"}],"about":[{"href":"https:\/\/myftinia-shkoder.org\/index.php?rest_route=\/wp\/v2\/types\/page"}],"author":[{"embeddable":true,"href":"https:\/\/myftinia-shkoder.org\/index.php?rest_route=\/wp\/v2\/users\/1"}],"replies":[{"embeddable":true,"href":"https:\/\/myftinia-shkoder.org\/index.php?rest_route=%2Fwp%2Fv2%2Fcomments&post=33"}],"version-history":[{"count":19,"href":"https:\/\/myftinia-shkoder.org\/index.php?rest_route=\/wp\/v2\/pages\/33\/revisions"}],"predecessor-version":[{"id":14153,"href":"https:\/\/myftinia-shkoder.org\/index.php?rest_route=\/wp\/v2\/pages\/33\/revisions\/14153"}],"wp:featuredmedia":[{"embeddable":true,"href":"https:\/\/myftinia-shkoder.org\/index.php?rest_route=\/wp\/v2\/media\/271"}],"wp:attachment":[{"href":"https:\/\/myftinia-shkoder.org\/index.php?rest_route=%2Fwp%2Fv2%2Fmedia&parent=33"}],"curies":[{"name":"wp","href":"https:\/\/api.w.org\/{rel}","templated":true}]}}